{"id":1035,"date":"2025-05-13T14:29:12","date_gmt":"2025-05-13T11:29:12","guid":{"rendered":"http:\/\/www.amyloid.bti.vu.lt\/?page_id=1035"},"modified":"2025-05-16T13:52:13","modified_gmt":"2025-05-16T10:52:13","slug":"conference","status":"publish","type":"page","link":"http:\/\/www.amyloid.bti.vu.lt\/en\/conference\/","title":{"rendered":"Conference"},"content":{"rendered":"\n[raw]\n<script>\nwindow.location = \"https:\/\/ml4ngp.eu\/conference-vilnius\/\";\n<\/script>\n[\/raw]\n\n\n\n<p><\/p>\n","protected":false},"excerpt":{"rendered":"<p>[raw] [\/raw]<\/p>\n","protected":false},"author":3,"featured_media":0,"parent":0,"menu_order":0,"comment_status":"closed","ping_status":"closed","template":"","meta":{"footnotes":""},"class_list":["post-1035","page","type-page","status-publish","hentry"],"blocksy_meta":[],"rise-blocks_excerpt":"[raw] [\/raw]","yoast_head":"<!-- This site is optimized with the Yoast SEO plugin v27.3 - https:\/\/yoast.com\/product\/yoast-seo-wordpress\/ -->\n<title>Conference - Amiloid\u0173 tyrimo sektorius<\/title>\n<meta name=\"robots\" content=\"index, follow, max-snippet:-1, max-image-preview:large, max-video-preview:-1\" \/>\n<link rel=\"canonical\" href=\"http:\/\/www.amyloid.bti.vu.lt\/en\/conference\/\" \/>\n<meta property=\"og:locale\" content=\"en_US\" \/>\n<meta property=\"og:type\" content=\"article\" \/>\n<meta property=\"og:title\" content=\"Conference - Amiloid\u0173 tyrimo sektorius\" \/>\n<meta property=\"og:description\" content=\"[raw] [\/raw]\" \/>\n<meta property=\"og:url\" content=\"http:\/\/www.amyloid.bti.vu.lt\/en\/conference\/\" \/>\n<meta property=\"og:site_name\" content=\"Amiloid\u0173 tyrimo sektorius\" \/>\n<meta property=\"article:modified_time\" content=\"2025-05-16T10:52:13+00:00\" \/>\n<meta property=\"og:image\" content=\"http:\/\/www.amyloid.bti.vu.lt\/wp-content\/uploads\/2024\/04\/g6.png\" \/>\n\t<meta property=\"og:image:width\" content=\"887\" \/>\n\t<meta property=\"og:image:height\" content=\"442\" \/>\n\t<meta property=\"og:image:type\" content=\"image\/png\" \/>\n<meta name=\"twitter:card\" content=\"summary_large_image\" \/>\n<meta name=\"twitter:label1\" content=\"Est. reading time\" \/>\n\t<meta name=\"twitter:data1\" content=\"1 minute\" \/>\n<script type=\"application\/ld+json\" class=\"yoast-schema-graph\">{\"@context\":\"https:\\\/\\\/schema.org\",\"@graph\":[{\"@type\":\"WebPage\",\"@id\":\"http:\\\/\\\/www.amyloid.bti.vu.lt\\\/conference\\\/\",\"url\":\"http:\\\/\\\/www.amyloid.bti.vu.lt\\\/conference\\\/\",\"name\":\"Conference - Amiloid\u0173 tyrimo sektorius\",\"isPartOf\":{\"@id\":\"http:\\\/\\\/www.amyloid.bti.vu.lt\\\/#website\"},\"datePublished\":\"2025-05-13T11:29:12+00:00\",\"dateModified\":\"2025-05-16T10:52:13+00:00\",\"breadcrumb\":{\"@id\":\"http:\\\/\\\/www.amyloid.bti.vu.lt\\\/conference\\\/#breadcrumb\"},\"inLanguage\":\"en-US\",\"potentialAction\":[{\"@type\":\"ReadAction\",\"target\":[\"http:\\\/\\\/www.amyloid.bti.vu.lt\\\/conference\\\/\"]}]},{\"@type\":\"BreadcrumbList\",\"@id\":\"http:\\\/\\\/www.amyloid.bti.vu.lt\\\/conference\\\/#breadcrumb\",\"itemListElement\":[{\"@type\":\"ListItem\",\"position\":1,\"name\":\"Home\",\"item\":\"http:\\\/\\\/www.amyloid.bti.vu.lt\\\/\"},{\"@type\":\"ListItem\",\"position\":2,\"name\":\"Conference\"}]},{\"@type\":\"WebSite\",\"@id\":\"http:\\\/\\\/www.amyloid.bti.vu.lt\\\/#website\",\"url\":\"http:\\\/\\\/www.amyloid.bti.vu.lt\\\/\",\"name\":\"Amiloid\u0173 tyrimo grup\u0117\",\"description\":\"Gyvyb\u0117s moksl\u0173 centras, Saul\u0117tekio al. 7, Vilnius\",\"publisher\":{\"@id\":\"http:\\\/\\\/www.amyloid.bti.vu.lt\\\/#organization\"},\"potentialAction\":[{\"@type\":\"SearchAction\",\"target\":{\"@type\":\"EntryPoint\",\"urlTemplate\":\"http:\\\/\\\/www.amyloid.bti.vu.lt\\\/?s={search_term_string}\"},\"query-input\":{\"@type\":\"PropertyValueSpecification\",\"valueRequired\":true,\"valueName\":\"search_term_string\"}}],\"inLanguage\":\"en-US\"},{\"@type\":\"Organization\",\"@id\":\"http:\\\/\\\/www.amyloid.bti.vu.lt\\\/#organization\",\"name\":\"Amiloid\u0173 tyrimo grup\u0117\",\"url\":\"http:\\\/\\\/www.amyloid.bti.vu.lt\\\/\",\"logo\":{\"@type\":\"ImageObject\",\"inLanguage\":\"en-US\",\"@id\":\"http:\\\/\\\/www.amyloid.bti.vu.lt\\\/#\\\/schema\\\/logo\\\/image\\\/\",\"url\":\"http:\\\/\\\/www.amyloid.bti.vu.lt\\\/wp-content\\\/uploads\\\/2024\\\/04\\\/g6.png\",\"contentUrl\":\"http:\\\/\\\/www.amyloid.bti.vu.lt\\\/wp-content\\\/uploads\\\/2024\\\/04\\\/g6.png\",\"width\":887,\"height\":442,\"caption\":\"Amiloid\u0173 tyrimo grup\u0117\"},\"image\":{\"@id\":\"http:\\\/\\\/www.amyloid.bti.vu.lt\\\/#\\\/schema\\\/logo\\\/image\\\/\"},\"sameAs\":[\"https:\\\/\\\/www.linkedin.com\\\/company\\\/93628208\\\/\"]}]}<\/script>\n<!-- \/ Yoast SEO plugin. -->","yoast_head_json":{"title":"Conference - Amiloid\u0173 tyrimo sektorius","robots":{"index":"index","follow":"follow","max-snippet":"max-snippet:-1","max-image-preview":"max-image-preview:large","max-video-preview":"max-video-preview:-1"},"canonical":"http:\/\/www.amyloid.bti.vu.lt\/en\/conference\/","og_locale":"en_US","og_type":"article","og_title":"Conference - Amiloid\u0173 tyrimo sektorius","og_description":"[raw] [\/raw]","og_url":"http:\/\/www.amyloid.bti.vu.lt\/en\/conference\/","og_site_name":"Amiloid\u0173 tyrimo sektorius","article_modified_time":"2025-05-16T10:52:13+00:00","og_image":[{"width":887,"height":442,"url":"http:\/\/www.amyloid.bti.vu.lt\/wp-content\/uploads\/2024\/04\/g6.png","type":"image\/png"}],"twitter_card":"summary_large_image","twitter_misc":{"Est. reading time":"1 minute"},"schema":{"@context":"https:\/\/schema.org","@graph":[{"@type":"WebPage","@id":"http:\/\/www.amyloid.bti.vu.lt\/conference\/","url":"http:\/\/www.amyloid.bti.vu.lt\/conference\/","name":"Conference - Amiloid\u0173 tyrimo sektorius","isPartOf":{"@id":"http:\/\/www.amyloid.bti.vu.lt\/#website"},"datePublished":"2025-05-13T11:29:12+00:00","dateModified":"2025-05-16T10:52:13+00:00","breadcrumb":{"@id":"http:\/\/www.amyloid.bti.vu.lt\/conference\/#breadcrumb"},"inLanguage":"en-US","potentialAction":[{"@type":"ReadAction","target":["http:\/\/www.amyloid.bti.vu.lt\/conference\/"]}]},{"@type":"BreadcrumbList","@id":"http:\/\/www.amyloid.bti.vu.lt\/conference\/#breadcrumb","itemListElement":[{"@type":"ListItem","position":1,"name":"Home","item":"http:\/\/www.amyloid.bti.vu.lt\/"},{"@type":"ListItem","position":2,"name":"Conference"}]},{"@type":"WebSite","@id":"http:\/\/www.amyloid.bti.vu.lt\/#website","url":"http:\/\/www.amyloid.bti.vu.lt\/","name":"Amyloid Research Group","description":"Life Sciences Center, Sauletekio 7, Vilnius, Lithuania","publisher":{"@id":"http:\/\/www.amyloid.bti.vu.lt\/#organization"},"potentialAction":[{"@type":"SearchAction","target":{"@type":"EntryPoint","urlTemplate":"http:\/\/www.amyloid.bti.vu.lt\/?s={search_term_string}"},"query-input":{"@type":"PropertyValueSpecification","valueRequired":true,"valueName":"search_term_string"}}],"inLanguage":"en-US"},{"@type":"Organization","@id":"http:\/\/www.amyloid.bti.vu.lt\/#organization","name":"Amyloid Research Group","url":"http:\/\/www.amyloid.bti.vu.lt\/","logo":{"@type":"ImageObject","inLanguage":"en-US","@id":"http:\/\/www.amyloid.bti.vu.lt\/#\/schema\/logo\/image\/","url":"http:\/\/www.amyloid.bti.vu.lt\/wp-content\/uploads\/2024\/04\/g6.png","contentUrl":"http:\/\/www.amyloid.bti.vu.lt\/wp-content\/uploads\/2024\/04\/g6.png","width":887,"height":442,"caption":"Amiloid\u0173 tyrimo grup\u0117"},"image":{"@id":"http:\/\/www.amyloid.bti.vu.lt\/#\/schema\/logo\/image\/"},"sameAs":["https:\/\/www.linkedin.com\/company\/93628208\/"]}]}},"_links":{"self":[{"href":"http:\/\/www.amyloid.bti.vu.lt\/en\/wp-json\/wp\/v2\/pages\/1035","targetHints":{"allow":["GET"]}}],"collection":[{"href":"http:\/\/www.amyloid.bti.vu.lt\/en\/wp-json\/wp\/v2\/pages"}],"about":[{"href":"http:\/\/www.amyloid.bti.vu.lt\/en\/wp-json\/wp\/v2\/types\/page"}],"author":[{"embeddable":true,"href":"http:\/\/www.amyloid.bti.vu.lt\/en\/wp-json\/wp\/v2\/users\/3"}],"replies":[{"embeddable":true,"href":"http:\/\/www.amyloid.bti.vu.lt\/en\/wp-json\/wp\/v2\/comments?post=1035"}],"version-history":[{"count":4,"href":"http:\/\/www.amyloid.bti.vu.lt\/en\/wp-json\/wp\/v2\/pages\/1035\/revisions"}],"predecessor-version":[{"id":1041,"href":"http:\/\/www.amyloid.bti.vu.lt\/en\/wp-json\/wp\/v2\/pages\/1035\/revisions\/1041"}],"wp:attachment":[{"href":"http:\/\/www.amyloid.bti.vu.lt\/en\/wp-json\/wp\/v2\/media?parent=1035"}],"curies":[{"name":"wp","href":"https:\/\/api.w.org\/{rel}","templated":true}]}}