{"id":19,"date":"2020-05-15T09:25:03","date_gmt":"2020-05-15T09:25:03","guid":{"rendered":"http:\/\/www.amyloid.bti.vu.lt\/?page_id=19"},"modified":"2025-07-21T11:31:14","modified_gmt":"2025-07-21T08:31:14","slug":"apie","status":"publish","type":"page","link":"http:\/\/www.amyloid.bti.vu.lt\/en\/","title":{"rendered":"About"},"content":{"rendered":"<h2 class=\"wp-block-heading has-palette-color-6-background-color has-background\">Amyloids and amyloid-related disorders<\/h2>\n\n\n\n<p class=\"has-text-align-left has-palette-color-7-background-color has-background\">Proteins are very important biomolecules that are involved in almost every biological process. In order to function, these biomolecules have to acquire their native structural conformation. Under certain circumstances, however, peptides and proteins can fail to adopt, or remain, in their native functional conformation,\nand can acquire misfolded conformations that are susceptible to form nonfunctional and potentially harmful aggregates termed \n amyloids. The onset and progression of more than 50 human disorders including Alzheimer\u2019s disease, Parkinson\u2019s disease, type II diabetes, and prion diseases are associated with the failure of a specific peptide or protein to adopt or remain in its native functional conformational state, and their subsequent conversion into insoluble fibrillar aggregates. In recent years, the process of amyloid formation has emerged as a subject of fundamental importance as it was recognised that many disorders associated with amyloid\nformation are no longer rare and are rapidly becoming some of the most common medical conditions in the ageing society. Millions of people around the world suffer from amyloid-related disorders, Alzheimer's and Parkinson's diseases alone afflict more than 50 million patients worldwide. Despite significant and sustained efforts, however, the molecular and mechanistic links between protein aggregation and toxicity remain challenging to characterise. In addition, there are still no effective disease modifying drugs or treatment modalities available for amyloid-related disorders. One of the main reasons for this are the complex nature of the peptide and protein aggregation and self-replication, and relatively poor understanding of these processes. Prevention and treatment of a given disease generally require a deep understanding of its underlying causes. <\/p>\n\n\n\n<figure class=\"wp-block-image aligncenter size-large\"><img loading=\"lazy\" decoding=\"async\" width=\"1024\" height=\"406\" src=\"http:\/\/www.amyloid.bti.vu.lt\/wp-content\/uploads\/2024\/02\/image19e-1024x406.png\" alt=\"\" class=\"wp-image-881\" srcset=\"http:\/\/www.amyloid.bti.vu.lt\/wp-content\/uploads\/2024\/02\/image19e-1024x406.png 1024w, http:\/\/www.amyloid.bti.vu.lt\/wp-content\/uploads\/2024\/02\/image19e-300x119.png 300w, http:\/\/www.amyloid.bti.vu.lt\/wp-content\/uploads\/2024\/02\/image19e-150x59.png 150w, http:\/\/www.amyloid.bti.vu.lt\/wp-content\/uploads\/2024\/02\/image19e-768x304.png 768w, http:\/\/www.amyloid.bti.vu.lt\/wp-content\/uploads\/2024\/02\/image19e-1536x609.png 1536w, http:\/\/www.amyloid.bti.vu.lt\/wp-content\/uploads\/2024\/02\/image19e-2048x812.png 2048w, http:\/\/www.amyloid.bti.vu.lt\/wp-content\/uploads\/2024\/02\/image19e-18x7.png 18w\" sizes=\"auto, (max-width: 1024px) 100vw, 1024px\" \/><\/figure>\n\n\n\n<p class=\"has-text-align-center\">Research areas<\/p>\n\n\n\n<h2 class=\"wp-block-heading has-palette-color-6-background-color has-background\">Our goal <\/h2>\n\n\n\n<p class=\"has-palette-color-7-background-color has-background\">With our research, we aim to contribute to the greater understanding of amyloid aggregation process. In our research we exploit a variety of biophysical, molecular biology and bioinformatic methods to obtain mechanistic insights into amyloid aggregation process, investigate effects of various environmental factors on the aggregation process and the structure of aggregates. Also, we search for the potential inhibitors of amyloid aggregation. <\/p>\n\n\n\n<p><\/p>\n\n\n\n<figure class=\"wp-block-gallery has-nested-images columns-default is-cropped wp-block-gallery-1 is-layout-flex wp-block-gallery-is-layout-flex\">\n<figure class=\"wp-block-image size-large\"><img loading=\"lazy\" decoding=\"async\" width=\"1024\" height=\"768\" data-id=\"916\" src=\"http:\/\/www.amyloid.bti.vu.lt\/wp-content\/uploads\/2024\/04\/IMG20240405115759-1024x768.jpg\" alt=\"\" class=\"wp-image-916\" srcset=\"http:\/\/www.amyloid.bti.vu.lt\/wp-content\/uploads\/2024\/04\/IMG20240405115759-1024x768.jpg 1024w, http:\/\/www.amyloid.bti.vu.lt\/wp-content\/uploads\/2024\/04\/IMG20240405115759-300x225.jpg 300w, http:\/\/www.amyloid.bti.vu.lt\/wp-content\/uploads\/2024\/04\/IMG20240405115759-150x113.jpg 150w, http:\/\/www.amyloid.bti.vu.lt\/wp-content\/uploads\/2024\/04\/IMG20240405115759-768x576.jpg 768w, http:\/\/www.amyloid.bti.vu.lt\/wp-content\/uploads\/2024\/04\/IMG20240405115759-1536x1152.jpg 1536w, http:\/\/www.amyloid.bti.vu.lt\/wp-content\/uploads\/2024\/04\/IMG20240405115759-2048x1536.jpg 2048w, http:\/\/www.amyloid.bti.vu.lt\/wp-content\/uploads\/2024\/04\/IMG20240405115759-16x12.jpg 16w\" sizes=\"auto, (max-width: 1024px) 100vw, 1024px\" \/><\/figure>\n\n\n\n<figure class=\"wp-block-image size-large\"><img loading=\"lazy\" decoding=\"async\" width=\"1024\" height=\"768\" data-id=\"917\" src=\"http:\/\/www.amyloid.bti.vu.lt\/wp-content\/uploads\/2024\/04\/IMG20240405115824-1024x768.jpg\" alt=\"\" class=\"wp-image-917\" srcset=\"http:\/\/www.amyloid.bti.vu.lt\/wp-content\/uploads\/2024\/04\/IMG20240405115824-1024x768.jpg 1024w, http:\/\/www.amyloid.bti.vu.lt\/wp-content\/uploads\/2024\/04\/IMG20240405115824-300x225.jpg 300w, http:\/\/www.amyloid.bti.vu.lt\/wp-content\/uploads\/2024\/04\/IMG20240405115824-150x113.jpg 150w, http:\/\/www.amyloid.bti.vu.lt\/wp-content\/uploads\/2024\/04\/IMG20240405115824-768x576.jpg 768w, http:\/\/www.amyloid.bti.vu.lt\/wp-content\/uploads\/2024\/04\/IMG20240405115824-1536x1152.jpg 1536w, http:\/\/www.amyloid.bti.vu.lt\/wp-content\/uploads\/2024\/04\/IMG20240405115824-2048x1536.jpg 2048w, http:\/\/www.amyloid.bti.vu.lt\/wp-content\/uploads\/2024\/04\/IMG20240405115824-16x12.jpg 16w\" sizes=\"auto, (max-width: 1024px) 100vw, 1024px\" \/><\/figure>\n\n\n\n<figure class=\"wp-block-image size-large\"><img loading=\"lazy\" decoding=\"async\" width=\"1024\" height=\"768\" data-id=\"919\" src=\"http:\/\/www.amyloid.bti.vu.lt\/wp-content\/uploads\/2024\/04\/IMG20240405115833-1024x768.jpg\" alt=\"\" class=\"wp-image-919\" srcset=\"http:\/\/www.amyloid.bti.vu.lt\/wp-content\/uploads\/2024\/04\/IMG20240405115833-1024x768.jpg 1024w, http:\/\/www.amyloid.bti.vu.lt\/wp-content\/uploads\/2024\/04\/IMG20240405115833-300x225.jpg 300w, http:\/\/www.amyloid.bti.vu.lt\/wp-content\/uploads\/2024\/04\/IMG20240405115833-150x113.jpg 150w, http:\/\/www.amyloid.bti.vu.lt\/wp-content\/uploads\/2024\/04\/IMG20240405115833-768x576.jpg 768w, http:\/\/www.amyloid.bti.vu.lt\/wp-content\/uploads\/2024\/04\/IMG20240405115833-1536x1152.jpg 1536w, http:\/\/www.amyloid.bti.vu.lt\/wp-content\/uploads\/2024\/04\/IMG20240405115833-2048x1536.jpg 2048w, http:\/\/www.amyloid.bti.vu.lt\/wp-content\/uploads\/2024\/04\/IMG20240405115833-16x12.jpg 16w\" sizes=\"auto, (max-width: 1024px) 100vw, 1024px\" \/><\/figure>\n<\/figure>\n\n\n\n<h4 class=\"wp-block-heading has-palette-color-6-background-color has-background\">If you are interested in amyloids and would like to experience work in the lab - <a href=\"http:\/\/www.amyloid.bti.vu.lt\/en\/dgn\/\" target=\"_blank\" rel=\"noreferrer noopener\">get in touch with us<\/a>.<\/h4>\n\n\n\n<p><\/p>","protected":false},"excerpt":{"rendered":"<p>Amiloidai ir j\u0173 sukeliamos ligos Baltymai &#8211; vienos svarbiausi\u0173 biomolekuli\u0173, kurios dalyvauja beveik visuose biologiniuose procesuose. Tam, kad atlikt\u0173 savo funkcij\u0105, \u0161ios biomolekul\u0117s turi \u012fgauti natyvi\u0105 funkcionali\u0105 konformacij\u0105. Tam tikrais atvejais baltymai nesugeba \u012fgauti ar likti natyvioje konformacijoje ir yra link\u0119 agreguoti \u012f netirpius fibrilinius agregatus, dar \u017einomus kaip amiloidai. Daugiau nei penkiasde\u0161imties \u017emogaus lig\u0173 [&hellip;]<\/p>\n","protected":false},"author":1,"featured_media":0,"parent":0,"menu_order":0,"comment_status":"closed","ping_status":"closed","template":"","meta":{"footnotes":""},"class_list":["post-19","page","type-page","status-publish","hentry"],"blocksy_meta":[],"rise-blocks_excerpt":"Amiloidai ir j\u0173 sukeliamos ligos Baltymai &#8211; vienos svarbiausi\u0173 biomolekuli\u0173, kurios dalyvauja beveik visuose biologiniuose procesuose. Tam, kad atlikt\u0173 savo funkcij\u0105, \u0161ios biomolekul\u0117s turi \u012fgauti natyvi\u0105 funkcionali\u0105 konformacij\u0105. Tam tikrais atvejais baltymai nesugeba \u012fgauti ar likti natyvioje konformacijoje ir yra link\u0119 agreguoti \u012f netirpius fibrilinius agregatus, dar \u017einomus kaip amiloidai. Daugiau nei penkiasde\u0161imties \u017emogaus lig\u0173 \u012fskaitant Alzheimerio lig\u0105, Parkinsono lig\u0105,..","yoast_head":"<!-- This site is optimized with the Yoast SEO plugin v27.3 - https:\/\/yoast.com\/product\/yoast-seo-wordpress\/ -->\n<title>Apie - Amiloid\u0173 tyrimo sektorius<\/title>\n<meta name=\"robots\" content=\"index, follow, max-snippet:-1, max-image-preview:large, max-video-preview:-1\" \/>\n<link rel=\"canonical\" href=\"http:\/\/www.amyloid.bti.vu.lt\/en\/\" \/>\n<meta property=\"og:locale\" content=\"en_US\" \/>\n<meta property=\"og:type\" content=\"article\" \/>\n<meta property=\"og:title\" content=\"Apie - Amiloid\u0173 tyrimo sektorius\" \/>\n<meta property=\"og:description\" content=\"Amiloidai ir j\u0173 sukeliamos ligos Baltymai &#8211; vienos svarbiausi\u0173 biomolekuli\u0173, kurios dalyvauja beveik visuose biologiniuose procesuose. Tam, kad atlikt\u0173 savo funkcij\u0105, \u0161ios biomolekul\u0117s turi \u012fgauti natyvi\u0105 funkcionali\u0105 konformacij\u0105. Tam tikrais atvejais baltymai nesugeba \u012fgauti ar likti natyvioje konformacijoje ir yra link\u0119 agreguoti \u012f netirpius fibrilinius agregatus, dar \u017einomus kaip amiloidai. Daugiau nei penkiasde\u0161imties \u017emogaus lig\u0173 [&hellip;]\" \/>\n<meta property=\"og:url\" content=\"http:\/\/www.amyloid.bti.vu.lt\/en\/\" \/>\n<meta property=\"og:site_name\" content=\"Amiloid\u0173 tyrimo sektorius\" \/>\n<meta property=\"article:modified_time\" content=\"2025-07-21T08:31:14+00:00\" \/>\n<meta property=\"og:image\" content=\"http:\/\/www.amyloid.bti.vu.lt\/wp-content\/uploads\/2024\/01\/Logo_Sector-e1706281961443.png\" \/>\n\t<meta property=\"og:image:width\" content=\"651\" \/>\n\t<meta property=\"og:image:height\" content=\"247\" \/>\n\t<meta property=\"og:image:type\" content=\"image\/png\" \/>\n<meta name=\"twitter:card\" content=\"summary_large_image\" \/>\n<meta name=\"twitter:label1\" content=\"Est. reading time\" \/>\n\t<meta name=\"twitter:data1\" content=\"3 minutes\" \/>\n<script type=\"application\/ld+json\" class=\"yoast-schema-graph\">{\"@context\":\"https:\\\/\\\/schema.org\",\"@graph\":[{\"@type\":\"WebPage\",\"@id\":\"http:\\\/\\\/www.amyloid.bti.vu.lt\\\/\",\"url\":\"http:\\\/\\\/www.amyloid.bti.vu.lt\\\/\",\"name\":\"Apie - Amiloid\u0173 tyrimo sektorius\",\"isPartOf\":{\"@id\":\"http:\\\/\\\/www.amyloid.bti.vu.lt\\\/#website\"},\"primaryImageOfPage\":{\"@id\":\"http:\\\/\\\/www.amyloid.bti.vu.lt\\\/#primaryimage\"},\"image\":{\"@id\":\"http:\\\/\\\/www.amyloid.bti.vu.lt\\\/#primaryimage\"},\"thumbnailUrl\":\"http:\\\/\\\/www.amyloid.bti.vu.lt\\\/wp-content\\\/uploads\\\/2024\\\/02\\\/image19e-1024x406.png\",\"datePublished\":\"2020-05-15T09:25:03+00:00\",\"dateModified\":\"2025-07-21T08:31:14+00:00\",\"breadcrumb\":{\"@id\":\"http:\\\/\\\/www.amyloid.bti.vu.lt\\\/#breadcrumb\"},\"inLanguage\":\"en-US\",\"potentialAction\":[{\"@type\":\"ReadAction\",\"target\":[\"http:\\\/\\\/www.amyloid.bti.vu.lt\\\/\"]}]},{\"@type\":\"ImageObject\",\"inLanguage\":\"en-US\",\"@id\":\"http:\\\/\\\/www.amyloid.bti.vu.lt\\\/#primaryimage\",\"url\":\"http:\\\/\\\/www.amyloid.bti.vu.lt\\\/wp-content\\\/uploads\\\/2024\\\/02\\\/image19e-1024x406.png\",\"contentUrl\":\"http:\\\/\\\/www.amyloid.bti.vu.lt\\\/wp-content\\\/uploads\\\/2024\\\/02\\\/image19e-1024x406.png\"},{\"@type\":\"BreadcrumbList\",\"@id\":\"http:\\\/\\\/www.amyloid.bti.vu.lt\\\/#breadcrumb\",\"itemListElement\":[{\"@type\":\"ListItem\",\"position\":1,\"name\":\"Home\",\"item\":\"http:\\\/\\\/www.amyloid.bti.vu.lt\\\/\"},{\"@type\":\"ListItem\",\"position\":2,\"name\":\"Apie\"}]},{\"@type\":\"WebSite\",\"@id\":\"http:\\\/\\\/www.amyloid.bti.vu.lt\\\/#website\",\"url\":\"http:\\\/\\\/www.amyloid.bti.vu.lt\\\/\",\"name\":\"Amiloid\u0173 tyrimo grup\u0117\",\"description\":\"Gyvyb\u0117s moksl\u0173 centras, Saul\u0117tekio al. 7, Vilnius\",\"publisher\":{\"@id\":\"http:\\\/\\\/www.amyloid.bti.vu.lt\\\/#organization\"},\"potentialAction\":[{\"@type\":\"SearchAction\",\"target\":{\"@type\":\"EntryPoint\",\"urlTemplate\":\"http:\\\/\\\/www.amyloid.bti.vu.lt\\\/?s={search_term_string}\"},\"query-input\":{\"@type\":\"PropertyValueSpecification\",\"valueRequired\":true,\"valueName\":\"search_term_string\"}}],\"inLanguage\":\"en-US\"},{\"@type\":\"Organization\",\"@id\":\"http:\\\/\\\/www.amyloid.bti.vu.lt\\\/#organization\",\"name\":\"Amiloid\u0173 tyrimo grup\u0117\",\"url\":\"http:\\\/\\\/www.amyloid.bti.vu.lt\\\/\",\"logo\":{\"@type\":\"ImageObject\",\"inLanguage\":\"en-US\",\"@id\":\"http:\\\/\\\/www.amyloid.bti.vu.lt\\\/#\\\/schema\\\/logo\\\/image\\\/\",\"url\":\"http:\\\/\\\/www.amyloid.bti.vu.lt\\\/wp-content\\\/uploads\\\/2024\\\/04\\\/g6.png\",\"contentUrl\":\"http:\\\/\\\/www.amyloid.bti.vu.lt\\\/wp-content\\\/uploads\\\/2024\\\/04\\\/g6.png\",\"width\":887,\"height\":442,\"caption\":\"Amiloid\u0173 tyrimo grup\u0117\"},\"image\":{\"@id\":\"http:\\\/\\\/www.amyloid.bti.vu.lt\\\/#\\\/schema\\\/logo\\\/image\\\/\"},\"sameAs\":[\"https:\\\/\\\/www.linkedin.com\\\/company\\\/93628208\\\/\"]}]}<\/script>\n<!-- \/ Yoast SEO plugin. -->","yoast_head_json":{"title":"Apie - Amiloid\u0173 tyrimo sektorius","robots":{"index":"index","follow":"follow","max-snippet":"max-snippet:-1","max-image-preview":"max-image-preview:large","max-video-preview":"max-video-preview:-1"},"canonical":"http:\/\/www.amyloid.bti.vu.lt\/en\/","og_locale":"en_US","og_type":"article","og_title":"Apie - Amiloid\u0173 tyrimo sektorius","og_description":"Amiloidai ir j\u0173 sukeliamos ligos Baltymai &#8211; vienos svarbiausi\u0173 biomolekuli\u0173, kurios dalyvauja beveik visuose biologiniuose procesuose. Tam, kad atlikt\u0173 savo funkcij\u0105, \u0161ios biomolekul\u0117s turi \u012fgauti natyvi\u0105 funkcionali\u0105 konformacij\u0105. Tam tikrais atvejais baltymai nesugeba \u012fgauti ar likti natyvioje konformacijoje ir yra link\u0119 agreguoti \u012f netirpius fibrilinius agregatus, dar \u017einomus kaip amiloidai. Daugiau nei penkiasde\u0161imties \u017emogaus lig\u0173 [&hellip;]","og_url":"http:\/\/www.amyloid.bti.vu.lt\/en\/","og_site_name":"Amiloid\u0173 tyrimo sektorius","article_modified_time":"2025-07-21T08:31:14+00:00","og_image":[{"width":651,"height":247,"url":"http:\/\/www.amyloid.bti.vu.lt\/wp-content\/uploads\/2024\/01\/Logo_Sector-e1706281961443.png","type":"image\/png"}],"twitter_card":"summary_large_image","twitter_misc":{"Est. reading time":"3 minutes"},"schema":{"@context":"https:\/\/schema.org","@graph":[{"@type":"WebPage","@id":"http:\/\/www.amyloid.bti.vu.lt\/","url":"http:\/\/www.amyloid.bti.vu.lt\/","name":"Apie - Amiloid\u0173 tyrimo sektorius","isPartOf":{"@id":"http:\/\/www.amyloid.bti.vu.lt\/#website"},"primaryImageOfPage":{"@id":"http:\/\/www.amyloid.bti.vu.lt\/#primaryimage"},"image":{"@id":"http:\/\/www.amyloid.bti.vu.lt\/#primaryimage"},"thumbnailUrl":"http:\/\/www.amyloid.bti.vu.lt\/wp-content\/uploads\/2024\/02\/image19e-1024x406.png","datePublished":"2020-05-15T09:25:03+00:00","dateModified":"2025-07-21T08:31:14+00:00","breadcrumb":{"@id":"http:\/\/www.amyloid.bti.vu.lt\/#breadcrumb"},"inLanguage":"en-US","potentialAction":[{"@type":"ReadAction","target":["http:\/\/www.amyloid.bti.vu.lt\/"]}]},{"@type":"ImageObject","inLanguage":"en-US","@id":"http:\/\/www.amyloid.bti.vu.lt\/#primaryimage","url":"http:\/\/www.amyloid.bti.vu.lt\/wp-content\/uploads\/2024\/02\/image19e-1024x406.png","contentUrl":"http:\/\/www.amyloid.bti.vu.lt\/wp-content\/uploads\/2024\/02\/image19e-1024x406.png"},{"@type":"BreadcrumbList","@id":"http:\/\/www.amyloid.bti.vu.lt\/#breadcrumb","itemListElement":[{"@type":"ListItem","position":1,"name":"Home","item":"http:\/\/www.amyloid.bti.vu.lt\/"},{"@type":"ListItem","position":2,"name":"Apie"}]},{"@type":"WebSite","@id":"http:\/\/www.amyloid.bti.vu.lt\/#website","url":"http:\/\/www.amyloid.bti.vu.lt\/","name":"Amyloid Research Group","description":"Life Sciences Center, Sauletekio 7, Vilnius, Lithuania","publisher":{"@id":"http:\/\/www.amyloid.bti.vu.lt\/#organization"},"potentialAction":[{"@type":"SearchAction","target":{"@type":"EntryPoint","urlTemplate":"http:\/\/www.amyloid.bti.vu.lt\/?s={search_term_string}"},"query-input":{"@type":"PropertyValueSpecification","valueRequired":true,"valueName":"search_term_string"}}],"inLanguage":"en-US"},{"@type":"Organization","@id":"http:\/\/www.amyloid.bti.vu.lt\/#organization","name":"Amyloid Research Group","url":"http:\/\/www.amyloid.bti.vu.lt\/","logo":{"@type":"ImageObject","inLanguage":"en-US","@id":"http:\/\/www.amyloid.bti.vu.lt\/#\/schema\/logo\/image\/","url":"http:\/\/www.amyloid.bti.vu.lt\/wp-content\/uploads\/2024\/04\/g6.png","contentUrl":"http:\/\/www.amyloid.bti.vu.lt\/wp-content\/uploads\/2024\/04\/g6.png","width":887,"height":442,"caption":"Amiloid\u0173 tyrimo grup\u0117"},"image":{"@id":"http:\/\/www.amyloid.bti.vu.lt\/#\/schema\/logo\/image\/"},"sameAs":["https:\/\/www.linkedin.com\/company\/93628208\/"]}]}},"_links":{"self":[{"href":"http:\/\/www.amyloid.bti.vu.lt\/en\/wp-json\/wp\/v2\/pages\/19","targetHints":{"allow":["GET"]}}],"collection":[{"href":"http:\/\/www.amyloid.bti.vu.lt\/en\/wp-json\/wp\/v2\/pages"}],"about":[{"href":"http:\/\/www.amyloid.bti.vu.lt\/en\/wp-json\/wp\/v2\/types\/page"}],"author":[{"embeddable":true,"href":"http:\/\/www.amyloid.bti.vu.lt\/en\/wp-json\/wp\/v2\/users\/1"}],"replies":[{"embeddable":true,"href":"http:\/\/www.amyloid.bti.vu.lt\/en\/wp-json\/wp\/v2\/comments?post=19"}],"version-history":[{"count":67,"href":"http:\/\/www.amyloid.bti.vu.lt\/en\/wp-json\/wp\/v2\/pages\/19\/revisions"}],"predecessor-version":[{"id":1060,"href":"http:\/\/www.amyloid.bti.vu.lt\/en\/wp-json\/wp\/v2\/pages\/19\/revisions\/1060"}],"wp:attachment":[{"href":"http:\/\/www.amyloid.bti.vu.lt\/en\/wp-json\/wp\/v2\/media?parent=19"}],"curies":[{"name":"wp","href":"https:\/\/api.w.org\/{rel}","templated":true}]}}