{"id":21,"date":"2020-05-15T09:25:03","date_gmt":"2020-05-15T09:25:03","guid":{"rendered":"http:\/\/www.amyloid.bti.vu.lt\/?page_id=21"},"modified":"2026-02-25T11:20:15","modified_gmt":"2026-02-25T09:20:15","slug":"dgn","status":"publish","type":"page","link":"http:\/\/www.amyloid.bti.vu.lt\/en\/dgn\/","title":{"rendered":"Team"},"content":{"rendered":"<hr class=\"wp-block-separator has-text-color has-very-light-gray-color has-css-opacity has-very-light-gray-background-color has-background is-style-wide\"\/>\n\n\n\n<h2 class=\"wp-block-heading has-palette-color-6-background-color has-background\" style=\"margin-top:0;margin-bottom:0\">Team leader<\/h2>\n\n\n\n<div id=\"rise-blocks-section-block-instance-0-69faa8d1-2e44-4018-9eaf-b4d877d8ff1c\" class=\"wp-block-rise-blocks-section\"><div class=\"rise-blocks-full-width rise-blocks-section-wrapper\"><div class=\"rise-blocks-section-overlay\"><\/div><div class=\"rise-blocks-section-inner\">\n<div id=\"rise-blocks-0-1895921b-7d36-4b87-bc2f-f35b186a0b79\"><div class=\"wp-block-rise-blocks-profile-cards rise-blocks-save rise-blocks-rectangle-layout rise-blocks-shadow-enable\"><div class=\"rise-blocks-block-lists\">\n<div id=\"rise-blocks-wp-block-rise-blocks-profile-card-0-4328ad3e-9e07-4851-87af-1f7a4e745aea\" class=\"wp-block-rise-blocks-profile-card\"><div class=\"rise-blocks-profile-card\"><div class=\"rise-blocks-profile-card-image\"><\/div><div class=\"rise-blocks-description-wrapper\"><div class=\"rise-blocks-profile-card-designation\"><span class=\"rise-blocks-designation\">Vadovas<\/span><\/div><div class=\"rise-blocks-profile-card-title\"><h3>Dr. Vytautas Smirnovas<\/h3><\/div><div class=\"rise-blocks-profile-card-description\"><p>C-505 kab.<br>Telephone +370 670 69929<br>vytautas@smirnovas.info<br>vytautas.smirnovas@bti.vu.lt<br><br><br><\/p><\/div><\/div><\/div><\/div>\n<\/div><\/div><\/div>\n<\/div><\/div><\/div>\n\n\n\n<h2 class=\"wp-block-heading has-palette-color-6-background-color has-background\">Researchers<\/h2>\n\n\n\n<div id=\"rise-blocks-section-block-instance-1-b1463e82-cc4a-4527-bb6c-6347dfe48c04\" class=\"wp-block-rise-blocks-section\"><div class=\"rise-blocks-boxed rise-blocks-section-wrapper\"><div class=\"rise-blocks-section-overlay\"><\/div><div class=\"rise-blocks-section-inner\">\n<div id=\"rise-blocks-1-1fe38a46-4de9-4124-bb8a-bd04efe9db9d\"><div class=\"wp-block-rise-blocks-profile-cards rise-blocks-save rise-blocks-rectangle-layout rise-blocks-shadow-enable\"><div class=\"rise-blocks-block-lists\">\n<div id=\"rise-blocks-wp-block-rise-blocks-profile-card-1-d4e0ba5a-a971-4a8d-8706-f762a02f43bc\" class=\"wp-block-rise-blocks-profile-card\"><div class=\"rise-blocks-profile-card\"><div class=\"rise-blocks-profile-card-image\"><\/div><div class=\"rise-blocks-description-wrapper\"><div class=\"rise-blocks-profile-card-designation\"><span class=\"rise-blocks-designation\">Mokslininkas<\/span><\/div><div class=\"rise-blocks-profile-card-title\"><h3>Dr. Darius \u0160ulskis<\/h3><\/div><div class=\"rise-blocks-profile-card-description\"><p> Room C-303<br>darius.sulskis@gmc.vu.lt<\/p><\/div><div class=\"rise-blocks-social-media\"><a href=\"https:\/\/www.linkedin.com\/in\/darius-%C5%A1ulskis-8a256511b?originalSubdomain=lt\" target=\"_blank\" rel=\"noopener noreferrer\"><i class=\"fa fa-linkedin\"><\/i><\/a><\/div><\/div><\/div><\/div>\n\n\n\n<div id=\"rise-blocks-wp-block-rise-blocks-profile-card-2-8308dc9e-72ee-4a84-a59a-e6f3391d3c18\" class=\"wp-block-rise-blocks-profile-card\"><div class=\"rise-blocks-profile-card\"><div class=\"rise-blocks-profile-card-image\"><\/div><div class=\"rise-blocks-description-wrapper\"><div class=\"rise-blocks-profile-card-designation\"><span class=\"rise-blocks-designation\">Mokslininkas<\/span><\/div><div class=\"rise-blocks-profile-card-title\"><h3>Dr. Mantas \u017diaunys<\/h3><\/div><div class=\"rise-blocks-profile-card-description\"><p>Room C-305<br>mantas.ziaunys@gmc.vu.lt<\/p><\/div><\/div><\/div><\/div>\n<\/div><\/div><\/div>\n\n\n\n<div id=\"rise-blocks-9-3062748c-c152-41a5-bfe2-642b307dcb4a\"><div class=\"wp-block-rise-blocks-profile-cards rise-blocks-save rise-blocks-rectangle-layout rise-blocks-shadow-enable\"><div class=\"rise-blocks-block-lists\">\n<div id=\"rise-blocks-wp-block-rise-blocks-profile-card-20-ad5fba33-afd2-4096-b823-2ded863e9b23\" class=\"wp-block-rise-blocks-profile-card\"><div class=\"rise-blocks-profile-card\"><div class=\"rise-blocks-profile-card-image\"><\/div><div class=\"rise-blocks-description-wrapper\"><div class=\"rise-blocks-profile-card-designation\"><span class=\"rise-blocks-designation\">Mokslininkas<\/span><\/div><div class=\"rise-blocks-profile-card-title\"><h3>Dr. Andrius Sakalauskas<\/h3><\/div><div class=\"rise-blocks-profile-card-description\"><p>Room C-305<br>andrius.sakalauskas@gmc.vu.lt<br><br><br><br><\/p><\/div><\/div><\/div><\/div>\n\n\n\n<div id=\"rise-blocks-wp-block-rise-blocks-profile-card-21-37bb48bd-e06c-44e4-8fbb-4133597cf8d6\" class=\"wp-block-rise-blocks-profile-card\"><div class=\"rise-blocks-profile-card\"><div class=\"rise-blocks-profile-card-image\"><\/div><div class=\"rise-blocks-description-wrapper\"><div class=\"rise-blocks-profile-card-designation\"><span class=\"rise-blocks-designation\">Mokslinink\u0117<\/span><\/div><div class=\"rise-blocks-profile-card-title\"><h3>Dr. Agn\u0117 Janonien\u0117<\/h3><\/div><div class=\"rise-blocks-profile-card-description\"><p>Room C-303<br>agne.vegyte@bti.vu.lt<br><br><br><\/p><\/div><\/div><\/div><\/div>\n<\/div><\/div><\/div>\n\n\n\n<div id=\"rise-blocks-10-abbab2d4-f579-45b6-9e77-c286111b413a\"><div class=\"wp-block-rise-blocks-profile-cards rise-blocks-save rise-blocks-rectangle-layout rise-blocks-shadow-enable\"><div class=\"rise-blocks-block-lists\">\n<div id=\"rise-blocks-wp-block-rise-blocks-profile-card-22-cad8c3b3-4247-43c8-a13a-2b47d509029f\" class=\"wp-block-rise-blocks-profile-card\"><div class=\"rise-blocks-profile-card\"><div class=\"rise-blocks-profile-card-image\"><\/div><div class=\"rise-blocks-description-wrapper\"><div class=\"rise-blocks-profile-card-designation\"><span class=\"rise-blocks-designation\">Mokslinink\u0117<\/span><\/div><div class=\"rise-blocks-profile-card-title\"><h3>Kamil\u0117 Mikalauskait\u0117<\/h3><\/div><div class=\"rise-blocks-profile-card-description\"><p>C-305<br>kamile.mikalauskaite@gmc.vu.lt<br><br><br><\/p><\/div><\/div><\/div><\/div>\n<\/div><\/div><\/div>\n<\/div><\/div><\/div>\n\n\n\n<h2 class=\"wp-block-heading has-palette-color-6-background-color has-background\">PhD students<\/h2>\n\n\n\n<div id=\"rise-blocks-section-block-instance-4-655340bd-d9cb-48ef-be10-2c8cc51b605a\" class=\"wp-block-rise-blocks-section\"><div class=\"rise-blocks-boxed rise-blocks-section-wrapper\"><div class=\"rise-blocks-section-overlay\"><\/div><div class=\"rise-blocks-section-inner\">\n<div id=\"rise-blocks-6-cf988107-dd9f-4cdb-ab98-75587b4da7a8\"><div class=\"wp-block-rise-blocks-profile-cards rise-blocks-save rise-blocks-rectangle-layout rise-blocks-shadow-enable\"><div class=\"rise-blocks-block-lists\">\n<div id=\"rise-blocks-wp-block-rise-blocks-profile-card-23-e79b4ab2-4141-4e97-a7ae-960105305137\" class=\"wp-block-rise-blocks-profile-card\"><div class=\"rise-blocks-profile-card\"><div class=\"rise-blocks-profile-card-image\"><\/div><div class=\"rise-blocks-description-wrapper\"><div class=\"rise-blocks-profile-card-designation\"><span class=\"rise-blocks-designation\">Doktorantas<\/span><\/div><div class=\"rise-blocks-profile-card-title\"><h3>Dominykas Veiveris<\/h3><\/div><div class=\"rise-blocks-profile-card-description\"><p>C-305<br>dominykas.veiveris@gmc.vu.lt  <br><br><br><\/p><\/div><\/div><\/div><\/div>\n\n\n\n<div id=\"rise-blocks-wp-block-rise-blocks-profile-card-13-8acce0b8-431c-4bc4-8f36-e017cf2e8e65\" class=\"wp-block-rise-blocks-profile-card\"><div class=\"rise-blocks-profile-card\"><div class=\"rise-blocks-profile-card-image\"><\/div><div class=\"rise-blocks-description-wrapper\"><div class=\"rise-blocks-profile-card-designation\"><span class=\"rise-blocks-designation\">Doktorant\u0117<\/span><\/div><div class=\"rise-blocks-profile-card-title\"><h3>R\u016bta Snie\u010dkut\u0117<\/h3><\/div><div class=\"rise-blocks-profile-card-description\"><p>C-303<br>ruta.snieckute@gmc.vu.lt<br><br><br><\/p><\/div><\/div><\/div><\/div>\n<\/div><\/div><\/div>\n\n\n\n<div id=\"rise-blocks-12-fec9aa0b-c82c-4a6a-a537-67144d208e06\"><div class=\"wp-block-rise-blocks-profile-cards rise-blocks-save rise-blocks-rectangle-layout rise-blocks-shadow-enable\"><div class=\"rise-blocks-block-lists\">\n<div id=\"rise-blocks-wp-block-rise-blocks-profile-card-25-cc0dca21-be67-42bb-ab58-8c1659b98f36\" class=\"wp-block-rise-blocks-profile-card\"><div class=\"rise-blocks-profile-card\"><div class=\"rise-blocks-profile-card-image\"><\/div><div class=\"rise-blocks-description-wrapper\"><div class=\"rise-blocks-profile-card-designation\"><span class=\"rise-blocks-designation\">Doktorantas<\/span><\/div><div class=\"rise-blocks-profile-card-title\"><h3>Lukas Krasauskas<\/h3><\/div><div class=\"rise-blocks-profile-card-description\"><p> C-305<br>lukas.krasauskas@gmc.vu.lt <br><br><br><\/p><\/div><\/div><\/div><\/div>\n<\/div><\/div><\/div>\n<\/div><\/div><\/div>\n\n\n\n<div class=\"wp-block-columns is-layout-flex wp-container-core-columns-is-layout-28f84493 wp-block-columns-is-layout-flex\">\n<div class=\"wp-block-column is-layout-flow wp-block-column-is-layout-flow\" style=\"flex-basis:100%\"><\/div>\n<\/div>","protected":false},"excerpt":{"rendered":"<p>Grup\u0117s vadovas Mokslo darbuotojai Doktorantai (-\u0117s)<\/p>","protected":false},"author":1,"featured_media":0,"parent":0,"menu_order":0,"comment_status":"closed","ping_status":"closed","template":"","meta":{"footnotes":""},"class_list":["post-21","page","type-page","status-publish","hentry"],"blocksy_meta":[],"rise-blocks_excerpt":"Grup\u0117s vadovas Mokslo darbuotojai Doktorantai (-\u0117s)","yoast_head":"<!-- This site is optimized with the Yoast SEO plugin v27.3 - https:\/\/yoast.com\/product\/yoast-seo-wordpress\/ -->\n<title>Grup\u0117 - Amiloid\u0173 tyrimo sektorius<\/title>\n<meta name=\"robots\" content=\"index, follow, max-snippet:-1, max-image-preview:large, max-video-preview:-1\" \/>\n<link rel=\"canonical\" href=\"http:\/\/www.amyloid.bti.vu.lt\/en\/dgn\/\" \/>\n<meta property=\"og:locale\" content=\"en_US\" \/>\n<meta property=\"og:type\" content=\"article\" \/>\n<meta property=\"og:title\" content=\"Grup\u0117 - Amiloid\u0173 tyrimo sektorius\" \/>\n<meta property=\"og:description\" content=\"Grup\u0117s vadovas Mokslo darbuotojai Doktorantai (-\u0117s)\" \/>\n<meta property=\"og:url\" content=\"http:\/\/www.amyloid.bti.vu.lt\/en\/dgn\/\" \/>\n<meta property=\"og:site_name\" content=\"Amiloid\u0173 tyrimo sektorius\" \/>\n<meta property=\"article:modified_time\" content=\"2026-02-25T09:20:15+00:00\" \/>\n<meta property=\"og:image\" content=\"http:\/\/www.amyloid.bti.vu.lt\/wp-content\/uploads\/2024\/04\/g6.png\" \/>\n\t<meta property=\"og:image:width\" content=\"887\" \/>\n\t<meta property=\"og:image:height\" content=\"442\" \/>\n\t<meta property=\"og:image:type\" content=\"image\/png\" \/>\n<meta name=\"twitter:card\" content=\"summary_large_image\" \/>\n<meta name=\"twitter:label1\" content=\"Est. reading time\" \/>\n\t<meta name=\"twitter:data1\" content=\"1 minute\" \/>\n<script type=\"application\/ld+json\" class=\"yoast-schema-graph\">{\"@context\":\"https:\\\/\\\/schema.org\",\"@graph\":[{\"@type\":\"WebPage\",\"@id\":\"http:\\\/\\\/www.amyloid.bti.vu.lt\\\/dgn\\\/\",\"url\":\"http:\\\/\\\/www.amyloid.bti.vu.lt\\\/dgn\\\/\",\"name\":\"Grup\u0117 - Amiloid\u0173 tyrimo sektorius\",\"isPartOf\":{\"@id\":\"http:\\\/\\\/www.amyloid.bti.vu.lt\\\/#website\"},\"datePublished\":\"2020-05-15T09:25:03+00:00\",\"dateModified\":\"2026-02-25T09:20:15+00:00\",\"breadcrumb\":{\"@id\":\"http:\\\/\\\/www.amyloid.bti.vu.lt\\\/dgn\\\/#breadcrumb\"},\"inLanguage\":\"en-US\",\"potentialAction\":[{\"@type\":\"ReadAction\",\"target\":[\"http:\\\/\\\/www.amyloid.bti.vu.lt\\\/dgn\\\/\"]}]},{\"@type\":\"BreadcrumbList\",\"@id\":\"http:\\\/\\\/www.amyloid.bti.vu.lt\\\/dgn\\\/#breadcrumb\",\"itemListElement\":[{\"@type\":\"ListItem\",\"position\":1,\"name\":\"Home\",\"item\":\"http:\\\/\\\/www.amyloid.bti.vu.lt\\\/\"},{\"@type\":\"ListItem\",\"position\":2,\"name\":\"Grup\u0117\"}]},{\"@type\":\"WebSite\",\"@id\":\"http:\\\/\\\/www.amyloid.bti.vu.lt\\\/#website\",\"url\":\"http:\\\/\\\/www.amyloid.bti.vu.lt\\\/\",\"name\":\"Amiloid\u0173 tyrimo grup\u0117\",\"description\":\"Gyvyb\u0117s moksl\u0173 centras, Saul\u0117tekio al. 7, Vilnius\",\"publisher\":{\"@id\":\"http:\\\/\\\/www.amyloid.bti.vu.lt\\\/#organization\"},\"potentialAction\":[{\"@type\":\"SearchAction\",\"target\":{\"@type\":\"EntryPoint\",\"urlTemplate\":\"http:\\\/\\\/www.amyloid.bti.vu.lt\\\/?s={search_term_string}\"},\"query-input\":{\"@type\":\"PropertyValueSpecification\",\"valueRequired\":true,\"valueName\":\"search_term_string\"}}],\"inLanguage\":\"en-US\"},{\"@type\":\"Organization\",\"@id\":\"http:\\\/\\\/www.amyloid.bti.vu.lt\\\/#organization\",\"name\":\"Amiloid\u0173 tyrimo grup\u0117\",\"url\":\"http:\\\/\\\/www.amyloid.bti.vu.lt\\\/\",\"logo\":{\"@type\":\"ImageObject\",\"inLanguage\":\"en-US\",\"@id\":\"http:\\\/\\\/www.amyloid.bti.vu.lt\\\/#\\\/schema\\\/logo\\\/image\\\/\",\"url\":\"http:\\\/\\\/www.amyloid.bti.vu.lt\\\/wp-content\\\/uploads\\\/2024\\\/04\\\/g6.png\",\"contentUrl\":\"http:\\\/\\\/www.amyloid.bti.vu.lt\\\/wp-content\\\/uploads\\\/2024\\\/04\\\/g6.png\",\"width\":887,\"height\":442,\"caption\":\"Amiloid\u0173 tyrimo grup\u0117\"},\"image\":{\"@id\":\"http:\\\/\\\/www.amyloid.bti.vu.lt\\\/#\\\/schema\\\/logo\\\/image\\\/\"},\"sameAs\":[\"https:\\\/\\\/www.linkedin.com\\\/company\\\/93628208\\\/\"]}]}<\/script>\n<!-- \/ Yoast SEO plugin. -->","yoast_head_json":{"title":"Grup\u0117 - Amiloid\u0173 tyrimo sektorius","robots":{"index":"index","follow":"follow","max-snippet":"max-snippet:-1","max-image-preview":"max-image-preview:large","max-video-preview":"max-video-preview:-1"},"canonical":"http:\/\/www.amyloid.bti.vu.lt\/en\/dgn\/","og_locale":"en_US","og_type":"article","og_title":"Grup\u0117 - Amiloid\u0173 tyrimo sektorius","og_description":"Grup\u0117s vadovas Mokslo darbuotojai Doktorantai (-\u0117s)","og_url":"http:\/\/www.amyloid.bti.vu.lt\/en\/dgn\/","og_site_name":"Amiloid\u0173 tyrimo sektorius","article_modified_time":"2026-02-25T09:20:15+00:00","og_image":[{"width":887,"height":442,"url":"http:\/\/www.amyloid.bti.vu.lt\/wp-content\/uploads\/2024\/04\/g6.png","type":"image\/png"}],"twitter_card":"summary_large_image","twitter_misc":{"Est. reading time":"1 minute"},"schema":{"@context":"https:\/\/schema.org","@graph":[{"@type":"WebPage","@id":"http:\/\/www.amyloid.bti.vu.lt\/dgn\/","url":"http:\/\/www.amyloid.bti.vu.lt\/dgn\/","name":"Grup\u0117 - Amiloid\u0173 tyrimo sektorius","isPartOf":{"@id":"http:\/\/www.amyloid.bti.vu.lt\/#website"},"datePublished":"2020-05-15T09:25:03+00:00","dateModified":"2026-02-25T09:20:15+00:00","breadcrumb":{"@id":"http:\/\/www.amyloid.bti.vu.lt\/dgn\/#breadcrumb"},"inLanguage":"en-US","potentialAction":[{"@type":"ReadAction","target":["http:\/\/www.amyloid.bti.vu.lt\/dgn\/"]}]},{"@type":"BreadcrumbList","@id":"http:\/\/www.amyloid.bti.vu.lt\/dgn\/#breadcrumb","itemListElement":[{"@type":"ListItem","position":1,"name":"Home","item":"http:\/\/www.amyloid.bti.vu.lt\/"},{"@type":"ListItem","position":2,"name":"Grup\u0117"}]},{"@type":"WebSite","@id":"http:\/\/www.amyloid.bti.vu.lt\/#website","url":"http:\/\/www.amyloid.bti.vu.lt\/","name":"Amyloid Research Group","description":"Life Sciences Center, Sauletekio 7, Vilnius, Lithuania","publisher":{"@id":"http:\/\/www.amyloid.bti.vu.lt\/#organization"},"potentialAction":[{"@type":"SearchAction","target":{"@type":"EntryPoint","urlTemplate":"http:\/\/www.amyloid.bti.vu.lt\/?s={search_term_string}"},"query-input":{"@type":"PropertyValueSpecification","valueRequired":true,"valueName":"search_term_string"}}],"inLanguage":"en-US"},{"@type":"Organization","@id":"http:\/\/www.amyloid.bti.vu.lt\/#organization","name":"Amyloid Research Group","url":"http:\/\/www.amyloid.bti.vu.lt\/","logo":{"@type":"ImageObject","inLanguage":"en-US","@id":"http:\/\/www.amyloid.bti.vu.lt\/#\/schema\/logo\/image\/","url":"http:\/\/www.amyloid.bti.vu.lt\/wp-content\/uploads\/2024\/04\/g6.png","contentUrl":"http:\/\/www.amyloid.bti.vu.lt\/wp-content\/uploads\/2024\/04\/g6.png","width":887,"height":442,"caption":"Amiloid\u0173 tyrimo grup\u0117"},"image":{"@id":"http:\/\/www.amyloid.bti.vu.lt\/#\/schema\/logo\/image\/"},"sameAs":["https:\/\/www.linkedin.com\/company\/93628208\/"]}]}},"_links":{"self":[{"href":"http:\/\/www.amyloid.bti.vu.lt\/en\/wp-json\/wp\/v2\/pages\/21","targetHints":{"allow":["GET"]}}],"collection":[{"href":"http:\/\/www.amyloid.bti.vu.lt\/en\/wp-json\/wp\/v2\/pages"}],"about":[{"href":"http:\/\/www.amyloid.bti.vu.lt\/en\/wp-json\/wp\/v2\/types\/page"}],"author":[{"embeddable":true,"href":"http:\/\/www.amyloid.bti.vu.lt\/en\/wp-json\/wp\/v2\/users\/1"}],"replies":[{"embeddable":true,"href":"http:\/\/www.amyloid.bti.vu.lt\/en\/wp-json\/wp\/v2\/comments?post=21"}],"version-history":[{"count":89,"href":"http:\/\/www.amyloid.bti.vu.lt\/en\/wp-json\/wp\/v2\/pages\/21\/revisions"}],"predecessor-version":[{"id":1100,"href":"http:\/\/www.amyloid.bti.vu.lt\/en\/wp-json\/wp\/v2\/pages\/21\/revisions\/1100"}],"wp:attachment":[{"href":"http:\/\/www.amyloid.bti.vu.lt\/en\/wp-json\/wp\/v2\/media?parent=21"}],"curies":[{"name":"wp","href":"https:\/\/api.w.org\/{rel}","templated":true}]}}