{"id":759,"date":"2020-08-10T15:40:15","date_gmt":"2020-08-10T12:40:15","guid":{"rendered":"http:\/\/www.amyloid.bti.vu.lt\/?page_id=759"},"modified":"2025-07-21T11:35:36","modified_gmt":"2025-07-21T08:35:36","slug":"projektai-2","status":"publish","type":"page","link":"http:\/\/www.amyloid.bti.vu.lt\/en\/projektai-2\/","title":{"rendered":"Projects"},"content":{"rendered":"<figure class=\"wp-block-table\"><table><thead><tr><th>Metai<\/th><th>Projektas<\/th><\/tr><\/thead><tbody><tr><td>2020 &#8211; 2023<\/td><td>European Social Fund project operated by Central Project Management Agency<br>Exploring drug candidates for cancer and neurodegenerative diseases (01.2.2-CPVA-K-703-03-0006).<br>Leader of the amyloid-related part of the project: Dr. Vytautas Smirnovas<\/td><\/tr><tr><td>2020 \u2013 2021<\/td><td>RCL National Research Programme \"Healthy Ageing\"<br>S\u0105veika tarp skirting\u0173 baltym\u0173 susidarant amiloidin\u0117ms fibril\u0117ms: nuo mechanizm\u0173 iki slopinimo (S-SEN-20-3) <br>Project leader: Dr. Vytautas Smirnovas<br><a href=\"http:\/\/www.amyloid.bti.vu.lt\/en\/projekto-s-sen-03-rezultatai\/\" data-type=\"URL\" data-id=\"http:\/\/www.amyloid.bti.vu.lt\/projekto-s-sen-03-rezultatai\">Rezultatai<\/a><\/td><\/tr><tr><td>2019 \u2013 2020<\/td><td>Vilnius university research promotion fund project<br>Examination of amyloid fibril surface affinity for organic fluorescent dyes (MSF-JM-3)<br>Project leader: Mantas \u017diaunys<\/td><\/tr><tr><td>2017 \u2013 2019<\/td><td>Lithuania-Latvia-Taiwan programme<br>Understanding prion peptide fibril-induced aggregation of prion protein (TAP LLT-1\/2017)<br>Leader of the Lithuanian group: Dr. Vytautas Smirnovas<\/td><\/tr><tr><td>2012 \u2013 2015<\/td><td>RCL \/ Projects of the European Social Fund under Global Grant Measure.<br>Exploring flavones as universal inhibitors of amyloid-like fibril formation (VP1-3.1-\u0160MM-07-K-02-020)<br>Project leader: Dr. Vytautas Smirnovas<\/td><\/tr><tr><td>2012 \u2013 2014<\/td><td>RCL research group project<br>Looking for the origins of mammalian prion \u2018strains\u2019 (MIP-030\/2012)<br>Project leader: Dr. Vytautas Smirnovas<\/td><\/tr><tr><td>2011 \u2013 2015<\/td><td>EC FP7-PEOPLE-2011-CIG project <br>Towards construction of a comprehensive map of amyloid-ligand interactions: (-)-Epigallocatechin 3-Gallate and insulin amyloid (No. 293476)<br>Project leader: Dr. Vytautas Smirnovas<\/td><\/tr><\/tbody><\/table><\/figure>","protected":false},"excerpt":{"rendered":"<p>MetaiProjektas2020 &#8211; 2023Mokslini\u0173 tyrim\u0173, eksperimentin\u0117s pl\u0117tros ir inovacij\u0173 skatinimas.Kandidatini\u0173 vaistini\u0173 jungini\u0173 v\u0117\u017eio ir neurodegeneracini\u0173 lig\u0173 gydymui, suk\u016brimas (01.2.2-CPVA-K-703-03-0006).Projekto dalies vadovas Dr. Vytautas Smirnovas2020 \u2013 2021LMT Nacionalin\u0117 mokslo programa \u201eSveikas sen\u0117jimas\u201cS\u0105veika tarp skirting\u0173 baltym\u0173 susidarant amiloidin\u0117ms fibril\u0117ms: nuo mechanizm\u0173 iki slopinimo (S-SEN-20-3) Projekto vadovas Dr. Vytautas SmirnovasRezultatai2019 \u2013 2020Vilniaus universiteto mokslo skatinimo fondo projektasAmiloidini\u0173 fibrili\u0173 pavir\u0161iaus [&hellip;]<\/p>\n","protected":false},"author":1,"featured_media":0,"parent":0,"menu_order":0,"comment_status":"closed","ping_status":"closed","template":"","meta":{"footnotes":""},"class_list":["post-759","page","type-page","status-publish","hentry"],"blocksy_meta":[],"rise-blocks_excerpt":"MetaiProjektas2020 &#8211; 2023Mokslini\u0173 tyrim\u0173, eksperimentin\u0117s pl\u0117tros ir inovacij\u0173 skatinimas.Kandidatini\u0173 vaistini\u0173 jungini\u0173 v\u0117\u017eio ir neurodegeneracini\u0173 lig\u0173 gydymui, suk\u016brimas (01.2.2-CPVA-K-703-03-0006).Projekto dalies vadovas Dr. Vytautas Smirnovas2020 \u2013 2021LMT Nacionalin\u0117 mokslo programa \u201eSveikas sen\u0117jimas\u201cS\u0105veika tarp skirting\u0173 baltym\u0173 susidarant amiloidin\u0117ms fibril\u0117ms: nuo mechanizm\u0173 iki slopinimo (S-SEN-20-3) Projekto vadovas Dr. Vytautas SmirnovasRezultatai2019 \u2013 2020Vilniaus universiteto mokslo skatinimo fondo projektasAmiloidini\u0173 fibrili\u0173 pavir\u0161iaus afini\u0161kumo fluorescencin\u0117ms organin\u0117ms molekul\u0117ms tyrimas..","yoast_head":"<!-- This site is optimized with the Yoast SEO plugin v27.3 - https:\/\/yoast.com\/product\/yoast-seo-wordpress\/ -->\n<title>Projektai - Amiloid\u0173 tyrimo sektorius<\/title>\n<meta name=\"robots\" content=\"index, follow, max-snippet:-1, max-image-preview:large, max-video-preview:-1\" \/>\n<link rel=\"canonical\" href=\"http:\/\/www.amyloid.bti.vu.lt\/en\/projektai-2\/\" \/>\n<meta property=\"og:locale\" content=\"en_US\" \/>\n<meta property=\"og:type\" content=\"article\" \/>\n<meta property=\"og:title\" content=\"Projektai - Amiloid\u0173 tyrimo sektorius\" \/>\n<meta property=\"og:description\" content=\"MetaiProjektas2020 &#8211; 2023Mokslini\u0173 tyrim\u0173, eksperimentin\u0117s pl\u0117tros ir inovacij\u0173 skatinimas.Kandidatini\u0173 vaistini\u0173 jungini\u0173 v\u0117\u017eio ir neurodegeneracini\u0173 lig\u0173 gydymui, suk\u016brimas (01.2.2-CPVA-K-703-03-0006).Projekto dalies vadovas Dr. Vytautas Smirnovas2020 \u2013 2021LMT Nacionalin\u0117 mokslo programa \u201eSveikas sen\u0117jimas\u201cS\u0105veika tarp skirting\u0173 baltym\u0173 susidarant amiloidin\u0117ms fibril\u0117ms: nuo mechanizm\u0173 iki slopinimo (S-SEN-20-3) Projekto vadovas Dr. Vytautas SmirnovasRezultatai2019 \u2013 2020Vilniaus universiteto mokslo skatinimo fondo projektasAmiloidini\u0173 fibrili\u0173 pavir\u0161iaus [&hellip;]\" \/>\n<meta property=\"og:url\" content=\"http:\/\/www.amyloid.bti.vu.lt\/en\/projektai-2\/\" \/>\n<meta property=\"og:site_name\" content=\"Amiloid\u0173 tyrimo sektorius\" \/>\n<meta property=\"article:modified_time\" content=\"2025-07-21T08:35:36+00:00\" \/>\n<meta property=\"og:image\" content=\"http:\/\/www.amyloid.bti.vu.lt\/wp-content\/uploads\/2024\/04\/g6.png\" \/>\n\t<meta property=\"og:image:width\" content=\"887\" \/>\n\t<meta property=\"og:image:height\" content=\"442\" \/>\n\t<meta property=\"og:image:type\" content=\"image\/png\" \/>\n<meta name=\"twitter:card\" content=\"summary_large_image\" \/>\n<meta name=\"twitter:label1\" content=\"Est. reading time\" \/>\n\t<meta name=\"twitter:data1\" content=\"1 minute\" \/>\n<script type=\"application\/ld+json\" class=\"yoast-schema-graph\">{\"@context\":\"https:\\\/\\\/schema.org\",\"@graph\":[{\"@type\":\"WebPage\",\"@id\":\"http:\\\/\\\/www.amyloid.bti.vu.lt\\\/projektai-2\\\/\",\"url\":\"http:\\\/\\\/www.amyloid.bti.vu.lt\\\/projektai-2\\\/\",\"name\":\"Projektai - Amiloid\u0173 tyrimo sektorius\",\"isPartOf\":{\"@id\":\"http:\\\/\\\/www.amyloid.bti.vu.lt\\\/#website\"},\"datePublished\":\"2020-08-10T12:40:15+00:00\",\"dateModified\":\"2025-07-21T08:35:36+00:00\",\"breadcrumb\":{\"@id\":\"http:\\\/\\\/www.amyloid.bti.vu.lt\\\/projektai-2\\\/#breadcrumb\"},\"inLanguage\":\"en-US\",\"potentialAction\":[{\"@type\":\"ReadAction\",\"target\":[\"http:\\\/\\\/www.amyloid.bti.vu.lt\\\/projektai-2\\\/\"]}]},{\"@type\":\"BreadcrumbList\",\"@id\":\"http:\\\/\\\/www.amyloid.bti.vu.lt\\\/projektai-2\\\/#breadcrumb\",\"itemListElement\":[{\"@type\":\"ListItem\",\"position\":1,\"name\":\"Home\",\"item\":\"http:\\\/\\\/www.amyloid.bti.vu.lt\\\/\"},{\"@type\":\"ListItem\",\"position\":2,\"name\":\"Projektai\"}]},{\"@type\":\"WebSite\",\"@id\":\"http:\\\/\\\/www.amyloid.bti.vu.lt\\\/#website\",\"url\":\"http:\\\/\\\/www.amyloid.bti.vu.lt\\\/\",\"name\":\"Amiloid\u0173 tyrimo grup\u0117\",\"description\":\"Gyvyb\u0117s moksl\u0173 centras, Saul\u0117tekio al. 7, Vilnius\",\"publisher\":{\"@id\":\"http:\\\/\\\/www.amyloid.bti.vu.lt\\\/#organization\"},\"potentialAction\":[{\"@type\":\"SearchAction\",\"target\":{\"@type\":\"EntryPoint\",\"urlTemplate\":\"http:\\\/\\\/www.amyloid.bti.vu.lt\\\/?s={search_term_string}\"},\"query-input\":{\"@type\":\"PropertyValueSpecification\",\"valueRequired\":true,\"valueName\":\"search_term_string\"}}],\"inLanguage\":\"en-US\"},{\"@type\":\"Organization\",\"@id\":\"http:\\\/\\\/www.amyloid.bti.vu.lt\\\/#organization\",\"name\":\"Amiloid\u0173 tyrimo grup\u0117\",\"url\":\"http:\\\/\\\/www.amyloid.bti.vu.lt\\\/\",\"logo\":{\"@type\":\"ImageObject\",\"inLanguage\":\"en-US\",\"@id\":\"http:\\\/\\\/www.amyloid.bti.vu.lt\\\/#\\\/schema\\\/logo\\\/image\\\/\",\"url\":\"http:\\\/\\\/www.amyloid.bti.vu.lt\\\/wp-content\\\/uploads\\\/2024\\\/04\\\/g6.png\",\"contentUrl\":\"http:\\\/\\\/www.amyloid.bti.vu.lt\\\/wp-content\\\/uploads\\\/2024\\\/04\\\/g6.png\",\"width\":887,\"height\":442,\"caption\":\"Amiloid\u0173 tyrimo grup\u0117\"},\"image\":{\"@id\":\"http:\\\/\\\/www.amyloid.bti.vu.lt\\\/#\\\/schema\\\/logo\\\/image\\\/\"},\"sameAs\":[\"https:\\\/\\\/www.linkedin.com\\\/company\\\/93628208\\\/\"]}]}<\/script>\n<!-- \/ Yoast SEO plugin. -->","yoast_head_json":{"title":"Projektai - Amiloid\u0173 tyrimo sektorius","robots":{"index":"index","follow":"follow","max-snippet":"max-snippet:-1","max-image-preview":"max-image-preview:large","max-video-preview":"max-video-preview:-1"},"canonical":"http:\/\/www.amyloid.bti.vu.lt\/en\/projektai-2\/","og_locale":"en_US","og_type":"article","og_title":"Projektai - Amiloid\u0173 tyrimo sektorius","og_description":"MetaiProjektas2020 &#8211; 2023Mokslini\u0173 tyrim\u0173, eksperimentin\u0117s pl\u0117tros ir inovacij\u0173 skatinimas.Kandidatini\u0173 vaistini\u0173 jungini\u0173 v\u0117\u017eio ir neurodegeneracini\u0173 lig\u0173 gydymui, suk\u016brimas (01.2.2-CPVA-K-703-03-0006).Projekto dalies vadovas Dr. Vytautas Smirnovas2020 \u2013 2021LMT Nacionalin\u0117 mokslo programa \u201eSveikas sen\u0117jimas\u201cS\u0105veika tarp skirting\u0173 baltym\u0173 susidarant amiloidin\u0117ms fibril\u0117ms: nuo mechanizm\u0173 iki slopinimo (S-SEN-20-3) Projekto vadovas Dr. Vytautas SmirnovasRezultatai2019 \u2013 2020Vilniaus universiteto mokslo skatinimo fondo projektasAmiloidini\u0173 fibrili\u0173 pavir\u0161iaus [&hellip;]","og_url":"http:\/\/www.amyloid.bti.vu.lt\/en\/projektai-2\/","og_site_name":"Amiloid\u0173 tyrimo sektorius","article_modified_time":"2025-07-21T08:35:36+00:00","og_image":[{"width":887,"height":442,"url":"http:\/\/www.amyloid.bti.vu.lt\/wp-content\/uploads\/2024\/04\/g6.png","type":"image\/png"}],"twitter_card":"summary_large_image","twitter_misc":{"Est. reading time":"1 minute"},"schema":{"@context":"https:\/\/schema.org","@graph":[{"@type":"WebPage","@id":"http:\/\/www.amyloid.bti.vu.lt\/projektai-2\/","url":"http:\/\/www.amyloid.bti.vu.lt\/projektai-2\/","name":"Projektai - Amiloid\u0173 tyrimo sektorius","isPartOf":{"@id":"http:\/\/www.amyloid.bti.vu.lt\/#website"},"datePublished":"2020-08-10T12:40:15+00:00","dateModified":"2025-07-21T08:35:36+00:00","breadcrumb":{"@id":"http:\/\/www.amyloid.bti.vu.lt\/projektai-2\/#breadcrumb"},"inLanguage":"en-US","potentialAction":[{"@type":"ReadAction","target":["http:\/\/www.amyloid.bti.vu.lt\/projektai-2\/"]}]},{"@type":"BreadcrumbList","@id":"http:\/\/www.amyloid.bti.vu.lt\/projektai-2\/#breadcrumb","itemListElement":[{"@type":"ListItem","position":1,"name":"Home","item":"http:\/\/www.amyloid.bti.vu.lt\/"},{"@type":"ListItem","position":2,"name":"Projektai"}]},{"@type":"WebSite","@id":"http:\/\/www.amyloid.bti.vu.lt\/#website","url":"http:\/\/www.amyloid.bti.vu.lt\/","name":"Amyloid Research Group","description":"Life Sciences Center, Sauletekio 7, Vilnius, Lithuania","publisher":{"@id":"http:\/\/www.amyloid.bti.vu.lt\/#organization"},"potentialAction":[{"@type":"SearchAction","target":{"@type":"EntryPoint","urlTemplate":"http:\/\/www.amyloid.bti.vu.lt\/?s={search_term_string}"},"query-input":{"@type":"PropertyValueSpecification","valueRequired":true,"valueName":"search_term_string"}}],"inLanguage":"en-US"},{"@type":"Organization","@id":"http:\/\/www.amyloid.bti.vu.lt\/#organization","name":"Amyloid Research Group","url":"http:\/\/www.amyloid.bti.vu.lt\/","logo":{"@type":"ImageObject","inLanguage":"en-US","@id":"http:\/\/www.amyloid.bti.vu.lt\/#\/schema\/logo\/image\/","url":"http:\/\/www.amyloid.bti.vu.lt\/wp-content\/uploads\/2024\/04\/g6.png","contentUrl":"http:\/\/www.amyloid.bti.vu.lt\/wp-content\/uploads\/2024\/04\/g6.png","width":887,"height":442,"caption":"Amiloid\u0173 tyrimo grup\u0117"},"image":{"@id":"http:\/\/www.amyloid.bti.vu.lt\/#\/schema\/logo\/image\/"},"sameAs":["https:\/\/www.linkedin.com\/company\/93628208\/"]}]}},"_links":{"self":[{"href":"http:\/\/www.amyloid.bti.vu.lt\/en\/wp-json\/wp\/v2\/pages\/759","targetHints":{"allow":["GET"]}}],"collection":[{"href":"http:\/\/www.amyloid.bti.vu.lt\/en\/wp-json\/wp\/v2\/pages"}],"about":[{"href":"http:\/\/www.amyloid.bti.vu.lt\/en\/wp-json\/wp\/v2\/types\/page"}],"author":[{"embeddable":true,"href":"http:\/\/www.amyloid.bti.vu.lt\/en\/wp-json\/wp\/v2\/users\/1"}],"replies":[{"embeddable":true,"href":"http:\/\/www.amyloid.bti.vu.lt\/en\/wp-json\/wp\/v2\/comments?post=759"}],"version-history":[{"count":8,"href":"http:\/\/www.amyloid.bti.vu.lt\/en\/wp-json\/wp\/v2\/pages\/759\/revisions"}],"predecessor-version":[{"id":1063,"href":"http:\/\/www.amyloid.bti.vu.lt\/en\/wp-json\/wp\/v2\/pages\/759\/revisions\/1063"}],"wp:attachment":[{"href":"http:\/\/www.amyloid.bti.vu.lt\/en\/wp-json\/wp\/v2\/media?parent=759"}],"curies":[{"name":"wp","href":"https:\/\/api.w.org\/{rel}","templated":true}]}}