{"id":791,"date":"2022-01-03T15:00:36","date_gmt":"2022-01-03T13:00:36","guid":{"rendered":"http:\/\/www.amyloid.bti.vu.lt\/?page_id=791"},"modified":"2022-01-03T15:04:45","modified_gmt":"2022-01-03T13:04:45","slug":"projekto-s-sen-03-rezultatai","status":"publish","type":"page","link":"http:\/\/www.amyloid.bti.vu.lt\/en\/projekto-s-sen-03-rezultatai\/","title":{"rendered":"Projekto S-SEN-03 rezultatai"},"content":{"rendered":"<p><strong>Publications<\/strong><\/p>\n\n\n\n<p>Pansieri, J., Iashchishyn, I.A., Fakhouri, H., Ostoji\u0107, L., Malisauskas, M., Musteikyte, G., Smirnovas, V., Schneider, M.M., Scheidt, T., Xu, C.K., et al. (2020). Templating S100A9 amyloids on A\u03b2 fibrillar surfaces revealed by charge detection mass spectrometry, microscopy, kinetic and microfluidic analyses. Chem. Sci. <em>11<\/em>, 7031\u20137039. <\/p>\n\n\n\n<p>Sakalauskas, A., Ziaunys, M., Snieckute, R., and Smirnovas, V. (2021). Autoxidation Enhances Anti-Amyloid Potential of Flavone Derivatives. Antioxidants <em>10<\/em>, 1428. <\/p>\n\n\n\n<p>Toleikis, Z., Ziaunys, M., Baranauskiene, L., Petrauskas, V., Jaudzems, K., and Smirnovas, V. (2021). S100A9 Alters the Pathway of Alpha-Synuclein Amyloid Aggregation. International Journal of Molecular Sciences <em>22<\/em>, 7972. <\/p>\n\n\n\n<p>Ziaunys, M., Sakalauskas, A., Mikalauskaite, K., and Smirnovas, V. (2021a). Polymorphism of Alpha-Synuclein Amyloid Fibrils Depends on Ionic Strength and Protein Concentration. International Journal of Molecular Sciences <em>22<\/em>, 12382. <\/p>\n\n\n\n<p>Ziaunys, M., Mikalauskaite, K., Sakalauskas, A., and Smirnovas, V. (2021b). Interplay between epigallocatechin-3-gallate and ionic strength during amyloid aggregation. PeerJ <em>9<\/em>, e12381. <\/p>\n\n\n\n<p>Ziaunys, M., Sakalauskas, A., Mikalauskaite, K., Snieckute, R., and Smirnovas, V. (2021c). Temperature-Dependent Structural Variability of Prion Protein Amyloid Fibrils. International Journal of Molecular Sciences <em>22<\/em>, 5075. <\/p>\n\n\n\n<p>Ziaunys, M., Mikalauskaite, K., Veiveris, D., Sakalauskas, A., and Smirnovas, V. (2022). Superoxide dismutase-1 alters the rate of prion protein aggregation and resulting fibril conformation. Archives of Biochemistry and Biophysics <em>715<\/em>, 109096.<\/p>\n\n\n\n<p><strong><a href=\"http:\/\/www.amyloid.bti.vu.lt\/wp-content\/uploads\/2022\/01\/rekomendacija.pdf\" data-type=\"URL\" data-id=\"http:\/\/www.amyloid.bti.vu.lt\/wp-content\/uploads\/2022\/01\/rekomendacija.pdf\">Rekomendacija agent\u016brai<\/a><\/strong><\/p>","protected":false},"excerpt":{"rendered":"<p>Publikacijos Pansieri, J., Iashchishyn, I.A., Fakhouri, H., Ostoji\u0107, L., Malisauskas, M., Musteikyte, G., Smirnovas, V., Schneider, M.M., Scheidt, T., Xu, C.K., et al. (2020). Templating S100A9 amyloids on A\u03b2 fibrillar surfaces revealed by charge detection mass spectrometry, microscopy, kinetic and microfluidic analyses. Chem. Sci. 11, 7031\u20137039. Sakalauskas, A., Ziaunys, M., Snieckute, R., and Smirnovas, V. [&hellip;]<\/p>\n","protected":false},"author":1,"featured_media":0,"parent":0,"menu_order":0,"comment_status":"closed","ping_status":"closed","template":"","meta":{"footnotes":""},"class_list":["post-791","page","type-page","status-publish","hentry"],"blocksy_meta":[],"rise-blocks_excerpt":"Publikacijos Pansieri, J., Iashchishyn, I.A., Fakhouri, H., Ostoji\u0107, L., Malisauskas, M., Musteikyte, G., Smirnovas, V., Schneider, M.M., Scheidt, T., Xu, C.K., et al. (2020). Templating S100A9 amyloids on A\u03b2 fibrillar surfaces revealed by charge detection mass spectrometry, microscopy, kinetic and microfluidic analyses. Chem. Sci. 11, 7031\u20137039. Sakalauskas, A., Ziaunys, M., Snieckute, R., and Smirnovas, V. (2021). Autoxidation Enhances Anti-Amyloid Potential..","yoast_head":"<!-- This site is optimized with the Yoast SEO plugin v27.3 - https:\/\/yoast.com\/product\/yoast-seo-wordpress\/ -->\n<title>Projekto S-SEN-03 rezultatai - Amiloid\u0173 tyrimo sektorius<\/title>\n<meta name=\"robots\" content=\"index, follow, max-snippet:-1, max-image-preview:large, max-video-preview:-1\" \/>\n<link rel=\"canonical\" href=\"http:\/\/www.amyloid.bti.vu.lt\/en\/projekto-s-sen-03-rezultatai\/\" \/>\n<meta property=\"og:locale\" content=\"en_US\" \/>\n<meta property=\"og:type\" content=\"article\" \/>\n<meta property=\"og:title\" content=\"Projekto S-SEN-03 rezultatai - Amiloid\u0173 tyrimo sektorius\" \/>\n<meta property=\"og:description\" content=\"Publikacijos Pansieri, J., Iashchishyn, I.A., Fakhouri, H., Ostoji\u0107, L., Malisauskas, M., Musteikyte, G., Smirnovas, V., Schneider, M.M., Scheidt, T., Xu, C.K., et al. (2020). Templating S100A9 amyloids on A\u03b2 fibrillar surfaces revealed by charge detection mass spectrometry, microscopy, kinetic and microfluidic analyses. Chem. Sci. 11, 7031\u20137039. Sakalauskas, A., Ziaunys, M., Snieckute, R., and Smirnovas, V. [&hellip;]\" \/>\n<meta property=\"og:url\" content=\"http:\/\/www.amyloid.bti.vu.lt\/en\/projekto-s-sen-03-rezultatai\/\" \/>\n<meta property=\"og:site_name\" content=\"Amiloid\u0173 tyrimo sektorius\" \/>\n<meta property=\"article:modified_time\" content=\"2022-01-03T13:04:45+00:00\" \/>\n<meta property=\"og:image\" content=\"http:\/\/www.amyloid.bti.vu.lt\/wp-content\/uploads\/2024\/04\/g6.png\" \/>\n\t<meta property=\"og:image:width\" content=\"887\" \/>\n\t<meta property=\"og:image:height\" content=\"442\" \/>\n\t<meta property=\"og:image:type\" content=\"image\/png\" \/>\n<meta name=\"twitter:card\" content=\"summary_large_image\" \/>\n<meta name=\"twitter:label1\" content=\"Est. reading time\" \/>\n\t<meta name=\"twitter:data1\" content=\"1 minute\" \/>\n<script type=\"application\/ld+json\" class=\"yoast-schema-graph\">{\"@context\":\"https:\\\/\\\/schema.org\",\"@graph\":[{\"@type\":\"WebPage\",\"@id\":\"http:\\\/\\\/www.amyloid.bti.vu.lt\\\/projekto-s-sen-03-rezultatai\\\/\",\"url\":\"http:\\\/\\\/www.amyloid.bti.vu.lt\\\/projekto-s-sen-03-rezultatai\\\/\",\"name\":\"Projekto S-SEN-03 rezultatai - Amiloid\u0173 tyrimo sektorius\",\"isPartOf\":{\"@id\":\"http:\\\/\\\/www.amyloid.bti.vu.lt\\\/#website\"},\"datePublished\":\"2022-01-03T13:00:36+00:00\",\"dateModified\":\"2022-01-03T13:04:45+00:00\",\"breadcrumb\":{\"@id\":\"http:\\\/\\\/www.amyloid.bti.vu.lt\\\/projekto-s-sen-03-rezultatai\\\/#breadcrumb\"},\"inLanguage\":\"en-US\",\"potentialAction\":[{\"@type\":\"ReadAction\",\"target\":[\"http:\\\/\\\/www.amyloid.bti.vu.lt\\\/projekto-s-sen-03-rezultatai\\\/\"]}]},{\"@type\":\"BreadcrumbList\",\"@id\":\"http:\\\/\\\/www.amyloid.bti.vu.lt\\\/projekto-s-sen-03-rezultatai\\\/#breadcrumb\",\"itemListElement\":[{\"@type\":\"ListItem\",\"position\":1,\"name\":\"Home\",\"item\":\"http:\\\/\\\/www.amyloid.bti.vu.lt\\\/\"},{\"@type\":\"ListItem\",\"position\":2,\"name\":\"Projekto S-SEN-03 rezultatai\"}]},{\"@type\":\"WebSite\",\"@id\":\"http:\\\/\\\/www.amyloid.bti.vu.lt\\\/#website\",\"url\":\"http:\\\/\\\/www.amyloid.bti.vu.lt\\\/\",\"name\":\"Amiloid\u0173 tyrimo grup\u0117\",\"description\":\"Gyvyb\u0117s moksl\u0173 centras, Saul\u0117tekio al. 7, Vilnius\",\"publisher\":{\"@id\":\"http:\\\/\\\/www.amyloid.bti.vu.lt\\\/#organization\"},\"potentialAction\":[{\"@type\":\"SearchAction\",\"target\":{\"@type\":\"EntryPoint\",\"urlTemplate\":\"http:\\\/\\\/www.amyloid.bti.vu.lt\\\/?s={search_term_string}\"},\"query-input\":{\"@type\":\"PropertyValueSpecification\",\"valueRequired\":true,\"valueName\":\"search_term_string\"}}],\"inLanguage\":\"en-US\"},{\"@type\":\"Organization\",\"@id\":\"http:\\\/\\\/www.amyloid.bti.vu.lt\\\/#organization\",\"name\":\"Amiloid\u0173 tyrimo grup\u0117\",\"url\":\"http:\\\/\\\/www.amyloid.bti.vu.lt\\\/\",\"logo\":{\"@type\":\"ImageObject\",\"inLanguage\":\"en-US\",\"@id\":\"http:\\\/\\\/www.amyloid.bti.vu.lt\\\/#\\\/schema\\\/logo\\\/image\\\/\",\"url\":\"http:\\\/\\\/www.amyloid.bti.vu.lt\\\/wp-content\\\/uploads\\\/2024\\\/04\\\/g6.png\",\"contentUrl\":\"http:\\\/\\\/www.amyloid.bti.vu.lt\\\/wp-content\\\/uploads\\\/2024\\\/04\\\/g6.png\",\"width\":887,\"height\":442,\"caption\":\"Amiloid\u0173 tyrimo grup\u0117\"},\"image\":{\"@id\":\"http:\\\/\\\/www.amyloid.bti.vu.lt\\\/#\\\/schema\\\/logo\\\/image\\\/\"},\"sameAs\":[\"https:\\\/\\\/www.linkedin.com\\\/company\\\/93628208\\\/\"]}]}<\/script>\n<!-- \/ Yoast SEO plugin. -->","yoast_head_json":{"title":"Projekto S-SEN-03 rezultatai - Amiloid\u0173 tyrimo sektorius","robots":{"index":"index","follow":"follow","max-snippet":"max-snippet:-1","max-image-preview":"max-image-preview:large","max-video-preview":"max-video-preview:-1"},"canonical":"http:\/\/www.amyloid.bti.vu.lt\/en\/projekto-s-sen-03-rezultatai\/","og_locale":"en_US","og_type":"article","og_title":"Projekto S-SEN-03 rezultatai - Amiloid\u0173 tyrimo sektorius","og_description":"Publikacijos Pansieri, J., Iashchishyn, I.A., Fakhouri, H., Ostoji\u0107, L., Malisauskas, M., Musteikyte, G., Smirnovas, V., Schneider, M.M., Scheidt, T., Xu, C.K., et al. (2020). Templating S100A9 amyloids on A\u03b2 fibrillar surfaces revealed by charge detection mass spectrometry, microscopy, kinetic and microfluidic analyses. Chem. Sci. 11, 7031\u20137039. Sakalauskas, A., Ziaunys, M., Snieckute, R., and Smirnovas, V. [&hellip;]","og_url":"http:\/\/www.amyloid.bti.vu.lt\/en\/projekto-s-sen-03-rezultatai\/","og_site_name":"Amiloid\u0173 tyrimo sektorius","article_modified_time":"2022-01-03T13:04:45+00:00","og_image":[{"width":887,"height":442,"url":"http:\/\/www.amyloid.bti.vu.lt\/wp-content\/uploads\/2024\/04\/g6.png","type":"image\/png"}],"twitter_card":"summary_large_image","twitter_misc":{"Est. reading time":"1 minute"},"schema":{"@context":"https:\/\/schema.org","@graph":[{"@type":"WebPage","@id":"http:\/\/www.amyloid.bti.vu.lt\/projekto-s-sen-03-rezultatai\/","url":"http:\/\/www.amyloid.bti.vu.lt\/projekto-s-sen-03-rezultatai\/","name":"Projekto S-SEN-03 rezultatai - Amiloid\u0173 tyrimo sektorius","isPartOf":{"@id":"http:\/\/www.amyloid.bti.vu.lt\/#website"},"datePublished":"2022-01-03T13:00:36+00:00","dateModified":"2022-01-03T13:04:45+00:00","breadcrumb":{"@id":"http:\/\/www.amyloid.bti.vu.lt\/projekto-s-sen-03-rezultatai\/#breadcrumb"},"inLanguage":"en-US","potentialAction":[{"@type":"ReadAction","target":["http:\/\/www.amyloid.bti.vu.lt\/projekto-s-sen-03-rezultatai\/"]}]},{"@type":"BreadcrumbList","@id":"http:\/\/www.amyloid.bti.vu.lt\/projekto-s-sen-03-rezultatai\/#breadcrumb","itemListElement":[{"@type":"ListItem","position":1,"name":"Home","item":"http:\/\/www.amyloid.bti.vu.lt\/"},{"@type":"ListItem","position":2,"name":"Projekto S-SEN-03 rezultatai"}]},{"@type":"WebSite","@id":"http:\/\/www.amyloid.bti.vu.lt\/#website","url":"http:\/\/www.amyloid.bti.vu.lt\/","name":"Amyloid Research Group","description":"Life Sciences Center, Sauletekio 7, Vilnius, Lithuania","publisher":{"@id":"http:\/\/www.amyloid.bti.vu.lt\/#organization"},"potentialAction":[{"@type":"SearchAction","target":{"@type":"EntryPoint","urlTemplate":"http:\/\/www.amyloid.bti.vu.lt\/?s={search_term_string}"},"query-input":{"@type":"PropertyValueSpecification","valueRequired":true,"valueName":"search_term_string"}}],"inLanguage":"en-US"},{"@type":"Organization","@id":"http:\/\/www.amyloid.bti.vu.lt\/#organization","name":"Amyloid Research Group","url":"http:\/\/www.amyloid.bti.vu.lt\/","logo":{"@type":"ImageObject","inLanguage":"en-US","@id":"http:\/\/www.amyloid.bti.vu.lt\/#\/schema\/logo\/image\/","url":"http:\/\/www.amyloid.bti.vu.lt\/wp-content\/uploads\/2024\/04\/g6.png","contentUrl":"http:\/\/www.amyloid.bti.vu.lt\/wp-content\/uploads\/2024\/04\/g6.png","width":887,"height":442,"caption":"Amiloid\u0173 tyrimo grup\u0117"},"image":{"@id":"http:\/\/www.amyloid.bti.vu.lt\/#\/schema\/logo\/image\/"},"sameAs":["https:\/\/www.linkedin.com\/company\/93628208\/"]}]}},"_links":{"self":[{"href":"http:\/\/www.amyloid.bti.vu.lt\/en\/wp-json\/wp\/v2\/pages\/791","targetHints":{"allow":["GET"]}}],"collection":[{"href":"http:\/\/www.amyloid.bti.vu.lt\/en\/wp-json\/wp\/v2\/pages"}],"about":[{"href":"http:\/\/www.amyloid.bti.vu.lt\/en\/wp-json\/wp\/v2\/types\/page"}],"author":[{"embeddable":true,"href":"http:\/\/www.amyloid.bti.vu.lt\/en\/wp-json\/wp\/v2\/users\/1"}],"replies":[{"embeddable":true,"href":"http:\/\/www.amyloid.bti.vu.lt\/en\/wp-json\/wp\/v2\/comments?post=791"}],"version-history":[{"count":4,"href":"http:\/\/www.amyloid.bti.vu.lt\/en\/wp-json\/wp\/v2\/pages\/791\/revisions"}],"predecessor-version":[{"id":798,"href":"http:\/\/www.amyloid.bti.vu.lt\/en\/wp-json\/wp\/v2\/pages\/791\/revisions\/798"}],"wp:attachment":[{"href":"http:\/\/www.amyloid.bti.vu.lt\/en\/wp-json\/wp\/v2\/media?parent=791"}],"curies":[{"name":"wp","href":"https:\/\/api.w.org\/{rel}","templated":true}]}}